{"id":9,"date":"2017-10-07T11:49:18","date_gmt":"2017-10-07T09:49:18","guid":{"rendered":"http:\/\/st-denis-en-val.com\/?page_id=9"},"modified":"2019-10-12T16:08:54","modified_gmt":"2019-10-12T14:08:54","slug":"contact","status":"publish","type":"page","link":"https:\/\/st-denis-en-val.com\/?page_id=9","title":{"rendered":"Contact \/ Adh\u00e9sion"},"content":{"rendered":"<p><span style=\"color: #000080;\"><strong>Amis de l\u2019Orgue de Saint Denis en Val<br \/><\/strong><\/span>354, rue de Champbourdon<br \/>45560 Saint Denis en Val<\/p>\n<p><span style=\"color: #0000ff;\"><a href=\"mailto:orgue@st-denis-en-val.com\">orgue@st-denis-en-val.com<\/a><\/span><\/p>\n<p style=\"text-align: center;\">Pour adh\u00e9rer, t\u00e9l\u00e9charger le formulaire d&rsquo;adh\u00e9sion en cliquant sur :<br \/><a href=\"http:\/\/st-denis-en-val.com\/wp-content\/uploads\/2017\/10\/Bulletin-adh\u00e9sion.pdf\">Bulletin adh\u00e9sion<\/a><\/p>\n<hr \/>\n<p>Gr\u00e2ce \u00e0 la d\u00e9duction fiscale, votre effort financier est r\u00e9duit. Ainsi :<\/p>\n<ul>\n<li>si votre don est de 20 \u20ac (adh\u00e9sion simple), votre effort r\u00e9el apr\u00e8s d\u00e9duction fiscale est de 6,70 \u20ac<\/li>\n<li>si votre don est de 50 \u20ac (adh\u00e9sion de soutien),\u00a0votre effort r\u00e9el apr\u00e8s d\u00e9duction fiscale est de 16,70 \u20ac, soit moins de 20 \u20ac !<\/li>\n<li>si votre don est de 100 \u20ac (bienfaiteur),\u00a0votre effort r\u00e9el apr\u00e8s d\u00e9duction fiscale est de 33,40 \u20ac seulement !<\/li>\n<\/ul>\n<p>\u00a0<\/p>\n\n\n<p>Vous pouvez \u00e9galement adh\u00e9rer en ligne (paiement s\u00e9curis\u00e9) en remplissant le formulaire ci-dessous :<\/p>\n\n\n<p><iframe id=\"haWidget\" allowtransparency=\"true\" scrolling=\"auto\" src=\"https:\/\/www.helloasso.com\/associations\/amis-de-l-orgue-de-saint-denis-en-val\/adhesions\/bulletin-d-adhesion\/widget\" style=\"width:100%;height:750px;border:none;\" onload=\"window.scroll(0, this.offsetTop)\"><\/div>\n","protected":false},"excerpt":{"rendered":"<p>Amis de l\u2019Orgue de Saint Denis en Val354, rue de Champbourdon45560 Saint Denis en Val orgue@st-denis-en-val.com Pour adh\u00e9rer, t\u00e9l\u00e9charger le formulaire d&rsquo;adh\u00e9sion en cliquant sur :Bulletin adh\u00e9sion Gr\u00e2ce \u00e0 la d\u00e9duction fiscale, votre effort financier est r\u00e9duit. Ainsi : si votre don est de 20 \u20ac (adh\u00e9sion simple), votre effort r\u00e9el apr\u00e8s d\u00e9duction fiscale est &hellip; <a href=\"https:\/\/st-denis-en-val.com\/?page_id=9\" class=\"more-link\">Continuer la lecture<span class=\"screen-reader-text\"> de &laquo;&nbsp;Contact \/ Adh\u00e9sion&nbsp;&raquo;<\/span><\/a><\/p>\n","protected":false},"author":1,"featured_media":0,"parent":0,"menu_order":0,"comment_status":"closed","ping_status":"closed","template":"","meta":[],"_links":{"self":[{"href":"https:\/\/st-denis-en-val.com\/index.php?rest_route=\/wp\/v2\/pages\/9"}],"collection":[{"href":"https:\/\/st-denis-en-val.com\/index.php?rest_route=\/wp\/v2\/pages"}],"about":[{"href":"https:\/\/st-denis-en-val.com\/index.php?rest_route=\/wp\/v2\/types\/page"}],"author":[{"embeddable":true,"href":"https:\/\/st-denis-en-val.com\/index.php?rest_route=\/wp\/v2\/users\/1"}],"replies":[{"embeddable":true,"href":"https:\/\/st-denis-en-val.com\/index.php?rest_route=%2Fwp%2Fv2%2Fcomments&post=9"}],"version-history":[{"count":9,"href":"https:\/\/st-denis-en-val.com\/index.php?rest_route=\/wp\/v2\/pages\/9\/revisions"}],"predecessor-version":[{"id":400,"href":"https:\/\/st-denis-en-val.com\/index.php?rest_route=\/wp\/v2\/pages\/9\/revisions\/400"}],"wp:attachment":[{"href":"https:\/\/st-denis-en-val.com\/index.php?rest_route=%2Fwp%2Fv2%2Fmedia&parent=9"}],"curies":[{"name":"wp","href":"https:\/\/api.w.org\/{rel}","templated":true}]}}