{"id":7,"date":"2017-10-07T11:49:18","date_gmt":"2017-10-07T09:49:18","guid":{"rendered":"http:\/\/st-denis-en-val.com\/?page_id=7"},"modified":"2023-02-20T19:28:29","modified_gmt":"2023-02-20T18:28:29","slug":"accueil","status":"publish","type":"page","link":"https:\/\/st-denis-en-val.com\/","title":{"rendered":"Accueil"},"content":{"rendered":"\n<p>Bienvenue sur le site&nbsp;de l&rsquo;association des Amis de l&rsquo;Orgue de Saint Denis en Val.<\/p>\n\n\n\n<p>Nous vous souhaitons une bonne navigation le long de nos pages. N&rsquo;h\u00e9sitez pas \u00e0 nous contacter si vous souhaitez plus d&rsquo;information ou si vous d\u00e9sirez soutenir nos actions.<\/p>\n\n\n\n<h1 id=\"a-venir\">A venir&#8230;<\/h1>\n\n\n\n<p>La prochaine assembl\u00e9e g\u00e9n\u00e9rale de l&rsquo;association se tiendra le mardi 21 mars 2023 \u00e0 18H15. N&rsquo;h\u00e9sitez pas \u00e0 nous contacter pour de plus amples informations.<\/p>\n\n\n\n<p><\/p>\n\n\n\n<h1><\/h1>\n\n\n\n<p><\/p>\n\n\n\n\n\n<p><\/p>\n\n\n\n<p><\/p>\n\n\n\n<p><\/p>\n\n\n\n<p>Retrouvez-nous sur Facebook<\/p>\n\n\n\n<p><a href=\"https:\/\/www.facebook.com\/Amis-de-lOrgue-de-Saint-Denis-en-Val-103530604945493\">https:\/\/www.facebook.com\/Amis-de-lOrgue-de-Saint-Denis-en-Val-103530604945493<\/a><\/p>\n\n\n\n<p><\/p>\n","protected":false},"excerpt":{"rendered":"<p>Bienvenue sur le site&nbsp;de l&rsquo;association des Amis de l&rsquo;Orgue de Saint Denis en Val. Nous vous souhaitons une bonne navigation le long de nos pages. N&rsquo;h\u00e9sitez pas \u00e0 nous contacter si vous souhaitez plus d&rsquo;information ou si vous d\u00e9sirez soutenir nos actions. A venir&#8230; La prochaine assembl\u00e9e g\u00e9n\u00e9rale de l&rsquo;association se tiendra le mardi 21 &hellip; <a href=\"https:\/\/st-denis-en-val.com\/\" class=\"more-link\">Continuer la lecture<span class=\"screen-reader-text\"> de &laquo;&nbsp;Accueil&nbsp;&raquo;<\/span><\/a><\/p>\n","protected":false},"author":1,"featured_media":0,"parent":0,"menu_order":0,"comment_status":"closed","ping_status":"closed","template":"","meta":[],"_links":{"self":[{"href":"https:\/\/st-denis-en-val.com\/index.php?rest_route=\/wp\/v2\/pages\/7"}],"collection":[{"href":"https:\/\/st-denis-en-val.com\/index.php?rest_route=\/wp\/v2\/pages"}],"about":[{"href":"https:\/\/st-denis-en-val.com\/index.php?rest_route=\/wp\/v2\/types\/page"}],"author":[{"embeddable":true,"href":"https:\/\/st-denis-en-val.com\/index.php?rest_route=\/wp\/v2\/users\/1"}],"replies":[{"embeddable":true,"href":"https:\/\/st-denis-en-val.com\/index.php?rest_route=%2Fwp%2Fv2%2Fcomments&post=7"}],"version-history":[{"count":35,"href":"https:\/\/st-denis-en-val.com\/index.php?rest_route=\/wp\/v2\/pages\/7\/revisions"}],"predecessor-version":[{"id":543,"href":"https:\/\/st-denis-en-val.com\/index.php?rest_route=\/wp\/v2\/pages\/7\/revisions\/543"}],"wp:attachment":[{"href":"https:\/\/st-denis-en-val.com\/index.php?rest_route=%2Fwp%2Fv2%2Fmedia&parent=7"}],"curies":[{"name":"wp","href":"https:\/\/api.w.org\/{rel}","templated":true}]}}