{"id":359,"date":"2019-02-23T21:56:39","date_gmt":"2019-02-23T20:56:39","guid":{"rendered":"http:\/\/st-denis-en-val.com\/?page_id=359"},"modified":"2019-10-12T17:07:27","modified_gmt":"2019-10-12T15:07:27","slug":"le-projet-de-lassociation","status":"publish","type":"page","link":"https:\/\/st-denis-en-val.com\/?page_id=359","title":{"rendered":"Le Projet"},"content":{"rendered":"<p>L\u2019orgue actuel est \u00e0 bout de souffle et son esp\u00e9rance de vie ne devrait pas d\u00e9passer 5 ans. La remise en \u00e9tat de cet orgue co\u00fbterait environ 150&nbsp;000&nbsp;\u20ac sans qu\u2019il soit envisageable d\u2019obtenir des subventions. Cette op\u00e9ration n\u2019est pas int\u00e9ressante aussi bien financi\u00e8rement que culturellement.<\/p>\n<p>L&rsquo;Association a donc lanc\u00e9 le projet de reconstruction qui s\u2019organise selon trois op\u00e9rations distinctes mais li\u00e9es&nbsp;:<\/p>\n<ul>\n<li>r\u00e9alisation d\u2019une tribune \u00e0 l\u2019entr\u00e9e de l\u2019\u00e9glise, d\u00e9gageant ainsi le ch\u0153ur pour les offices et autorisant la mise en place d\u2019un orgue adapt\u00e9 au volume que repr\u00e9sente l\u2019\u00e9glise&nbsp;;<\/li>\n<li>achat d\u2019un buffet Merklin afin de magnifier l\u2019instrument et de faire une op\u00e9ration patrimoniale en plus d\u2019une op\u00e9ration culturelle et cultuelle&nbsp;;<\/li>\n<li>achat d\u2019un orgue nouveau, plac\u00e9 en tribune et orn\u00e9 dudit buffet. Les parties de l\u2019orgue actuel qui pourront \u00eatre r\u00e9cup\u00e9r\u00e9es seront ins\u00e9r\u00e9es dans le nouvel orgue.<\/li>\n<\/ul>\n<p>Ce projet a re\u00e7u les soutiens de la mairie et de la paroisse, le rendant de facto officiel.<\/p>\n<p><strong>La Tribune<\/strong><\/p>\n<p>La r\u00e9alisation de la tribune est une op\u00e9ration support\u00e9e par la mairie qui est propri\u00e9taire de l\u2019\u00e9glise. La municipalit\u00e9, par la voix du maire, Jacques Martinet, et de l\u2019adjointe au maire en charge de la culture, Marie-Philippe Lubet, a donn\u00e9 son accord de principe le 7 juillet 2018.<\/p>\n<p>La construction de la tribune est soumise \u00e0 la d\u00e9finition pr\u00e9alable de l\u2019orgue&nbsp;: poids, volume, dimensions. Ces donn\u00e9es ont \u00e9t\u00e9 fournies par notre parrain, M. Philippe Lefebvre, organiste titulaire des grandes orgues de Notre Dame de Paris et pr\u00e9sident de l\u2019association Orgue en France.<\/p>\n<p>La tribune comportera un espace suffisant pour les cours d\u2019orgue et les \u00e9ventuelles visites. L\u2019escalier qui monte au clocher d\u00e9bouche sur une salle qui pourra \u00eatre avantageusement utilis\u00e9e.<\/p>\n<p><strong>Le Buffet<\/strong><\/p>\n<p>Montrant son engagement et sa d\u00e9termination \u00e0 voir le projet aboutir, l\u2019association a acquis un buffet Merklin qui \u00e9tait la propri\u00e9t\u00e9 de M. Thierry Lemercier, facteur d\u2019orgues.<\/p>\n<p>Ce buffet date du XIX<sup>e<\/sup> si\u00e8cle. Il est donc adapt\u00e9 \u00e0 l&rsquo;\u00e9glise de Saint Denis en Val. Il va permettre d\u2019embellir l\u2019orgue et l\u2019\u00e9glise. Cela donne \u00e0 ce projet une dimension patrimoniale singuli\u00e8re. Pour des raisons instrumentales et esth\u00e9tiques, les montants lat\u00e9raux du buffet seront rallong\u00e9s.<\/p>\n<p>Une fois acquis, l\u2019association a fait don du buffet \u00e0 la commune pour la r\u00e9alisation de l\u2019orgue.<\/p>\n<p>Le buffet a co\u00fbt\u00e9 un peu moins de 25&nbsp;000&nbsp;\u20ac. L\u2019association a lanc\u00e9 une souscription pour son acquisition. Cette derni\u00e8re est un pr\u00e9alable \u00e0 l\u2019appel d\u2019offres qui sera lanc\u00e9 pour la r\u00e9alisation de l\u2019orgue car l\u2019int\u00e9gration du buffet sera une des conditions de la r\u00e9alisation. (voir page actualit\u00e9s).<\/p>\n<p><strong>L\u2019Orgue<\/strong><\/p>\n<p>L\u2019orgue que l\u2019association souhaite voir acqu\u00e9rir, pr\u00e9sente les caract\u00e9ristiques suivantes&nbsp;: deux claviers, un p\u00e9dalier, 20 \u00e0 29 jeux et un combinateur.<\/p>\n<p>Le r\u00e9pertoire musical attendu est le r\u00e9pertoire symphonique. Ainsi, un tel orgue, \u00e9quip\u00e9 d\u2019un combinateur, sera un orgue unique sans instrument comparable en r\u00e9gion Centre-Val de Loire. Il pr\u00e9sentera un int\u00e9r\u00eat particulier pour des \u00e9l\u00e8ves \u00e0 la fois de la classe d\u2019orgue du conservatoire d\u2019Orl\u00e9ans et pour ceux qui souhaiteraient pr\u00e9parer le concours international de Chartres. Cet aspect p\u00e9dagogique sera mis en valeur.<\/p>\n<p>La constitution du dossier de subventions et celle d\u2019un dossier sp\u00e9cifique m\u00e9c\u00e9nat sont commenc\u00e9es.<\/p>\n<p>Pour mener \u00e0 bien ce projet nous avons besoin de vous : besoin de votre soutien financier bien s\u00fbr mais \u00e9galement besoin que vous fassiez parler du projet autour de vous, votre famille, vos amis et vos connaissances. N&rsquo;h\u00e9sitez pas \u00e0 nous contacter (<a href=\"mailto:orgue@st-denis-en-val.com\">orgue@st-denis-en-val.com<\/a>).<\/p>\n\n\n<h2>Un soutien en ligne est possible !<\/h2>\n\n\n\n<p>Pour cela, remplissez le formulaire ci-dessous (paiement s\u00e9curis\u00e9 par carte bancaire) :<\/p>\n\n\n<p><iframe id=\"haWidget\" allowtransparency=\"true\" scrolling=\"auto\" src=\"https:\/\/www.helloasso.com\/associations\/amis%20de%20l%20orgue%20de%20saint%20denis%20en%20val\/collectes\/reconstruction-de-l-orgue-de-saint-denis-en-val\/widget\" style=\"width:100%;height:750px;border:none;\" onload=\"window.scroll(0, this.offsetTop)\"><\/div>\n","protected":false},"excerpt":{"rendered":"<p>L\u2019orgue actuel est \u00e0 bout de souffle et son esp\u00e9rance de vie ne devrait pas d\u00e9passer 5 ans. La remise en \u00e9tat de cet orgue co\u00fbterait environ 150&nbsp;000&nbsp;\u20ac sans qu\u2019il soit envisageable d\u2019obtenir des subventions. Cette op\u00e9ration n\u2019est pas int\u00e9ressante aussi bien financi\u00e8rement que culturellement. L&rsquo;Association a donc lanc\u00e9 le projet de reconstruction qui s\u2019organise &hellip; <a href=\"https:\/\/st-denis-en-val.com\/?page_id=359\" class=\"more-link\">Continuer la lecture<span class=\"screen-reader-text\"> de &laquo;&nbsp;Le Projet&nbsp;&raquo;<\/span><\/a><\/p>\n","protected":false},"author":1,"featured_media":0,"parent":0,"menu_order":0,"comment_status":"closed","ping_status":"closed","template":"","meta":[],"_links":{"self":[{"href":"https:\/\/st-denis-en-val.com\/index.php?rest_route=\/wp\/v2\/pages\/359"}],"collection":[{"href":"https:\/\/st-denis-en-val.com\/index.php?rest_route=\/wp\/v2\/pages"}],"about":[{"href":"https:\/\/st-denis-en-val.com\/index.php?rest_route=\/wp\/v2\/types\/page"}],"author":[{"embeddable":true,"href":"https:\/\/st-denis-en-val.com\/index.php?rest_route=\/wp\/v2\/users\/1"}],"replies":[{"embeddable":true,"href":"https:\/\/st-denis-en-val.com\/index.php?rest_route=%2Fwp%2Fv2%2Fcomments&post=359"}],"version-history":[{"count":3,"href":"https:\/\/st-denis-en-val.com\/index.php?rest_route=\/wp\/v2\/pages\/359\/revisions"}],"predecessor-version":[{"id":404,"href":"https:\/\/st-denis-en-val.com\/index.php?rest_route=\/wp\/v2\/pages\/359\/revisions\/404"}],"wp:attachment":[{"href":"https:\/\/st-denis-en-val.com\/index.php?rest_route=%2Fwp%2Fv2%2Fmedia&parent=359"}],"curies":[{"name":"wp","href":"https:\/\/api.w.org\/{rel}","templated":true}]}}