{"id":270,"date":"2018-01-27T17:07:05","date_gmt":"2018-01-27T16:07:05","guid":{"rendered":"http:\/\/st-denis-en-val.com\/?page_id=270"},"modified":"2025-10-28T20:18:16","modified_gmt":"2025-10-28T19:18:16","slug":"actualites-4","status":"publish","type":"page","link":"https:\/\/st-denis-en-val.com\/?page_id=270","title":{"rendered":"Actualit\u00e9s"},"content":{"rendered":"\n<p><\/p>\n\n\n\n<p>Nous vous proposons d&rsquo;adh\u00e9rer \u00e0 l&rsquo;association pour 2025 ou de renouveler votre adh\u00e9sion.<\/p>\n\n\n\n<p>Vous pouvez le faire en ligne gr\u00e2ce au bouton ci-dessous (bouton \u00ab\u00a0adh\u00e9rer\u00a0\u00bb) ou en flashant le Qr Code. Sachez qu&rsquo;au-del\u00e0 de l&rsquo;adh\u00e9sion simple, une adh\u00e9sion de soutien est possible par paiement en une fois ou par un paiement mensuel simple.<\/p>\n\n\n\n<p>Merci pour votre soutien !<\/p>\n\n\n\n<p><\/p>\n\n\n\n<iframe id=\"haWidget\" allowtransparency=\"true\" src=\"https:\/\/www.helloasso.com\/associations\/amis-de-l-orgue-de-saint-denis-en-val\/adhesions\/bulletin-d-adhesion-2022\/widget-bouton\" style=\"width: 100%; height: 70px; border: none;\"><\/iframe>\n\n\n\n<div class=\"wp-block-image\"><figure class=\"aligncenter size-thumbnail\"><img loading=\"lazy\" width=\"150\" height=\"150\" src=\"http:\/\/st-denis-en-val.com\/wp-content\/uploads\/2022\/02\/qrcode-1-150x150.png\" alt=\"\" class=\"wp-image-517\" srcset=\"https:\/\/st-denis-en-val.com\/wp-content\/uploads\/2022\/02\/qrcode-1-150x150.png 150w, https:\/\/st-denis-en-val.com\/wp-content\/uploads\/2022\/02\/qrcode-1-300x300.png 300w, https:\/\/st-denis-en-val.com\/wp-content\/uploads\/2022\/02\/qrcode-1.png 600w\" sizes=\"(max-width: 150px) 85vw, 150px\" \/><figcaption>Flashez ce Qr Code pour acc\u00e9der \u00e0 la page d&rsquo;adh\u00e9sion en ligne (paiement s\u00e9curis\u00e9)<\/figcaption><\/figure><\/div>\n","protected":false},"excerpt":{"rendered":"<p>Nous vous proposons d&rsquo;adh\u00e9rer \u00e0 l&rsquo;association pour 2025 ou de renouveler votre adh\u00e9sion. Vous pouvez le faire en ligne gr\u00e2ce au bouton ci-dessous (bouton \u00ab\u00a0adh\u00e9rer\u00a0\u00bb) ou en flashant le Qr Code. Sachez qu&rsquo;au-del\u00e0 de l&rsquo;adh\u00e9sion simple, une adh\u00e9sion de soutien est possible par paiement en une fois ou par un paiement mensuel simple. Merci pour &hellip; <a href=\"https:\/\/st-denis-en-val.com\/?page_id=270\" class=\"more-link\">Continuer la lecture<span class=\"screen-reader-text\"> de &laquo;&nbsp;Actualit\u00e9s&nbsp;&raquo;<\/span><\/a><\/p>\n","protected":false},"author":1,"featured_media":0,"parent":0,"menu_order":0,"comment_status":"closed","ping_status":"closed","template":"","meta":[],"_links":{"self":[{"href":"https:\/\/st-denis-en-val.com\/index.php?rest_route=\/wp\/v2\/pages\/270"}],"collection":[{"href":"https:\/\/st-denis-en-val.com\/index.php?rest_route=\/wp\/v2\/pages"}],"about":[{"href":"https:\/\/st-denis-en-val.com\/index.php?rest_route=\/wp\/v2\/types\/page"}],"author":[{"embeddable":true,"href":"https:\/\/st-denis-en-val.com\/index.php?rest_route=\/wp\/v2\/users\/1"}],"replies":[{"embeddable":true,"href":"https:\/\/st-denis-en-val.com\/index.php?rest_route=%2Fwp%2Fv2%2Fcomments&post=270"}],"version-history":[{"count":36,"href":"https:\/\/st-denis-en-val.com\/index.php?rest_route=\/wp\/v2\/pages\/270\/revisions"}],"predecessor-version":[{"id":572,"href":"https:\/\/st-denis-en-val.com\/index.php?rest_route=\/wp\/v2\/pages\/270\/revisions\/572"}],"wp:attachment":[{"href":"https:\/\/st-denis-en-val.com\/index.php?rest_route=%2Fwp%2Fv2%2Fmedia&parent=270"}],"curies":[{"name":"wp","href":"https:\/\/api.w.org\/{rel}","templated":true}]}}