{"id":2,"date":"2017-10-07T10:41:18","date_gmt":"2017-10-07T08:41:18","guid":{"rendered":"http:\/\/st-denis-en-val.com\/?page_id=2"},"modified":"2021-08-29T17:29:18","modified_gmt":"2021-08-29T15:29:18","slug":"page-d-exemple","status":"publish","type":"page","link":"https:\/\/st-denis-en-val.com\/?page_id=2","title":{"rendered":"Ecole d&rsquo;Orgue"},"content":{"rendered":"<p>Une formation ouverte aux enfants, aux jeunes comme aux adultes :<br \/>\u2666 Pas de pr\u00e9requis, juste de la motivation !<br \/>\u2666 Fr\u00e9quence r\u00e9guli\u00e8re et ajustable<br \/>\u2666 Cours donn\u00e9s \u00e0 St Denis en Val<\/p>\n<p style=\"text-align: center;\"><span style=\"color: #000080;\"><strong>LANCEZ-VOUS, C&rsquo;EST POUR VOUS !<\/strong><\/span><\/p>\n<p style=\"text-align: center;\"><span style=\"color: #000000;\">Contactez l&rsquo;association : <a href=\"mailto:orgue@st-denis-en-val.com\">orgue@st-denis-en-val.com<\/a><\/span><\/p>\n<p style=\"text-align: center;\"><a href=\"https:\/\/www.youtube.com\/watch?v=n6hJZIsZysU\">https:\/\/www.youtube.com\/watch?v=n6hJZIsZysU<\/a><\/p>\n<p>Depuis trois ans d\u00e9j\u00e0, l\u2019Association des Amis de l\u2019Orgue de Saint Denis en Val propose une formation \u00e0 l\u2019apprentissage de l\u2019orgue au travers de son \u00e9cole d\u2019orgue.<\/p>\n<p><strong>Pourquoi apprendre \u00e0 jouer de l\u2019orgue\u00a0?<\/strong><\/p>\n<p>Parfois tr\u00e8s jeunes, parfois plus tard, nous pouvons avoir envie de jouer d\u2019un instrument de musique. Mais lequel ? Alors pourquoi pas l&rsquo;orgue ?<br \/>Les motivations pour un tel choix peuvent \u00eatre tr\u00e8s diverses : une musique tr\u00e8s riche gr\u00e2ce \u00e0 un instrument complet (m\u00e9lodie main droite, accompagnement main gauche, notes suppl\u00e9mentaires au p\u00e9dalier), une<br \/>attirance pour ses sonorit\u00e9s grandioses, le souhait de s\u2019impliquer dans l\u2019accompagnement musical des messes, une cl\u00f4ture des inscriptions pour le piano et des places encore disponibles pour l\u2019orgue, le d\u00e9sir pour un pianiste d\u2019enrichir son jeu par le p\u00e9dalier ou d\u2019acc\u00e9der \u00e0 un nouveau monde sonore etc.<\/p>\n<p><strong>A qui l\u2019\u00e9cole d\u2019orgue s\u2019adresse-t-elle\u00a0?<\/strong><\/p>\n<p>Cette \u00e9cole est ouverte \u00e0 tous : enfants (\u00e0 partir du CP, <strong>essai gratuit d\u2019un mois<\/strong>), jeunes et adultes. Aucune formation musicale pr\u00e9alable n\u2019est n\u00e9cessaire, les d\u00e9butants peuvent apprendre \u00e0 jouer de l\u2019orgue au m\u00eame<br \/>titre que des musiciens confirm\u00e9s qui souhaitent d\u00e9couvrir un autre instrument.<\/p>\n<p><strong>Apprendre l\u2019orgue, est-ce difficile\u00a0?<\/strong><\/p>\n<p>L\u2019apprentissage de l\u2019orgue n\u2019est pas plus compliqu\u00e9 que celui d\u2019un autre instrument. Un pianiste aura bien s\u00fbr l\u2019avantage de savoir d\u00e9j\u00e0 jouer au clavier, un autre instrumentiste profitera pour sa part de sa connaissance du solf\u00e8ge. Le d\u00e9butant apprendra technique instrumentale et solf\u00e8ge avec son professeur d\u2019orgue.<\/p>\n<p><strong>Comment se d\u00e9roulent les cours\u00a0?<\/strong><\/p>\n<p>Les cours sont dispens\u00e9s directement sur l\u2019orgue de l\u2019Eglise de Saint-Denis en Val le samedi apr\u00e8s-midi. La fr\u00e9quence habituelle est un cours d\u2019une demi-heure par semaine mais elle peut \u00eatre <strong>adapt\u00e9e en fonction des disponibilit\u00e9s de l\u2019\u00e9l\u00e8ve<\/strong> (par exemple un cours toutes les deux semaines).<\/p>\n<p><strong>Quel genre de musique pourrai-je jouer ?<\/strong><\/p>\n<p>Le professeur s\u2019efforce de r\u00e9pondre aux attentes musicales de ses \u00e9l\u00e8ves en leur proposant diff\u00e9rents types de musiques et de partitions en fonction bien s\u00fbr de leur niveau.<br \/>En fait, un orgue permet de jouer des musiques tr\u00e8s vari\u00e9es comme on peut le voir par exemple sur YouTube : on y trouve aussi bien des interpr\u00e9tations de la Toccata de Bach que des morceaux de jazz ou des \u00ab\u00a0covers\u00a0\u00bb (reprises) version orgue de tubes actuels, avec les liens pour acc\u00e9der aux partitions \u00e0 t\u00e9l\u00e9charger.<br \/>Exemples (liens vid\u00e9os YouTube) : voir en bas de page.<\/p>\n<p><br \/><strong>Je n\u2019ai pas d\u2019orgue chez moi, comment jouer ?<\/strong><\/p>\n<p>Les \u00e9l\u00e8ves travaillent leur partition surtout chez eux sur un clavier (piano, orgue \u00e9lectronique, synth\u00e9tiseur) mais ils viennent \u00e9galement jouer sur l\u2019orgue de l\u2019\u00e9glise de Saint-Denis en Val. Pour commencer, le d\u00e9butant peut par exemple acheter un clavier d\u2019occasion, on en trouve \u00e0 partir de 100 \u20ac (leboncoin, ebay\u2026). <strong>L\u2019Ecole d\u2019orgue peut \u00e9galement pr\u00eater un piano pour un an.<\/strong><\/p>\n<p><strong>Le professeur<\/strong><\/p>\n<p>Le professeur de l\u2019Ecole d\u2019orgue, Olivier Salandini, tr\u00e8s appr\u00e9ci\u00e9 de ses \u00e9l\u00e8ves, enseigne au Conservatoire de Clermont-Ferrand. Il est \u00e9galement Organiste titulaire des Grandes orgues de la Cath\u00e9drale de Bourges et Directeur artistique du \u00ab\u00a0Festival des Tr\u00e8s Riches Heures de l&rsquo;Orgue en Berry\u00a0\u00bb.<\/p>\n<p><strong>Apprendre \u00e0 jouer de l\u2019orgue, combien \u00e7a co\u00fbte ?<\/strong><\/p>\n<p><span style=\"font-size: inherit;\">Apr\u00e8s r\u00e8glement d\u2019une cotisation annuelle de 20 \u20ac \u00e0 l\u2019Association des Amis de l\u2019Orgue de Saint-Denis en Val, la facturation des cours suivis est mensuelle (20 \u20ac par cours d\u2019une demi-heure).<br \/>Sous certaines conditions, l&rsquo;association peut attribuer une bourse d\u00e9couverte permettant la prise en charge partielle du prix des cours, n\u2019h\u00e9sitez pas \u00e0 nous consulter. Cette bourse d\u00e9couverte, pr\u00e9vue pour les enfants et les jeunes, est accord\u00e9e par le Conseil d\u2019administration de l\u2019Association..<\/span><\/p>\n<p style=\"text-align: center;\">Renseignements au 06 43 39 73 74 (responsable de l\u2019\u00e9cole)<\/p>\n<p style=\"text-align: center;\">ou au 06 16 79 13 41 (pr\u00e9sidente de l\u2019association)<\/p>\n<p style=\"text-align: center;\"><a href=\"mailto:orgue@st-denis-en-val.com\">orgue@st-denis-en-val.com<\/a><\/p>\n\n\n<p><\/p>\n\n\n\n<p class=\"has-text-align-center\"><strong>Aper\u00e7u succinct des musiques d\u2019orgue<\/strong><\/p>\n\n\n\n<p>La petite s\u00e9lection pr\u00e9sent\u00e9e ci-dessous, en plus d\u2019\u00eatre tr\u00e8s limit\u00e9e pour des&nbsp; questions pratiques, est forc\u00e9ment subjective et donc un peu arbitraire. Elle a n\u00e9anmoins l\u2019int\u00e9r\u00eat (en tous cas c\u2019est ce que nous esp\u00e9rons) de pr\u00e9senter aux non sp\u00e9cialistes un petit \u00e9chantillon de l\u2019\u00e9norme potentiel musical et du large r\u00e9pertoire possible de ce magnifique instrument.<\/p>\n\n\n\n<p>En introduction, un encouragement par l\u2019exemple pour les plus jeunes&nbsp;:<\/p>\n\n\n\n<figure class=\"wp-block-embed is-type-video is-provider-youtube wp-block-embed-youtube wp-embed-aspect-16-9 wp-has-aspect-ratio\"><div class=\"wp-block-embed__wrapper\">\n<iframe loading=\"lazy\" title=\"Jeune organiste\" width=\"840\" height=\"473\" src=\"https:\/\/www.youtube.com\/embed\/b91BjiGFfus?feature=oembed\" frameborder=\"0\" allow=\"accelerometer; autoplay; clipboard-write; encrypted-media; gyroscope; picture-in-picture\" allowfullscreen><\/iframe>\n<\/div><\/figure>\n\n\n\n<p><strong>La musique d\u2019orgue classique&nbsp;: du baroque au contemporain<\/strong><\/p>\n\n\n\n<p>Quelques grands morceaux du r\u00e9pertoire dit \u00ab\u00a0classique\u00a0\u00bb (A tout seigneur, tout honneur) et pour commencer l\u2019incontournable Toccata et fugue de J.S. Bach (18<sup>\u00e8me<\/sup> si\u00e8cle), interpr\u00e9t\u00e9es par Olivier Latry \u00e0 Notre-Dame de Paris<\/p>\n\n\n\n<p>(plusieurs \u00e9l\u00e8ves de l\u2019Ecole en ont propos\u00e9 leur version lors de l\u2019audition de fin d\u2019ann\u00e9e)&nbsp;:<\/p>\n\n\n\n<figure class=\"wp-block-embed is-type-video is-provider-youtube wp-block-embed-youtube wp-embed-aspect-16-9 wp-has-aspect-ratio\"><div class=\"wp-block-embed__wrapper\">\n<iframe loading=\"lazy\" title=\"Notre-Dame de Paris, Olivier Latry - Jean-S\u00e9bastien Bach - Toccata &amp; Fugue - for Forte\" width=\"840\" height=\"473\" src=\"https:\/\/www.youtube.com\/embed\/e2uuE5ZQN6A?start=459&#038;feature=oembed\" frameborder=\"0\" allow=\"accelerometer; autoplay; clipboard-write; encrypted-media; gyroscope; picture-in-picture\" allowfullscreen><\/iframe>\n<\/div><\/figure>\n\n\n\n<p>L\u2019arriv\u00e9e de la reine de Saba, extrait de Solomon de G.F. Haendel (18<sup>\u00e8me<\/sup> si\u00e8cle), interpr\u00e9t\u00e9e par Gert van Hoef&nbsp;:<\/p>\n\n\n\n<figure class=\"wp-block-embed is-type-video is-provider-youtube wp-block-embed-youtube wp-embed-aspect-16-9 wp-has-aspect-ratio\"><div class=\"wp-block-embed__wrapper\">\n<iframe loading=\"lazy\" title=\"Arrival of the Queen of Sheba - G.F. H\u00e4ndel - Saint Martin-church Dudelange\" width=\"840\" height=\"473\" src=\"https:\/\/www.youtube.com\/embed\/ey_8VSD7fgc?list=PLt01th7irZ8GwEf8YpzOqExBym-naTby-\" frameborder=\"0\" allow=\"accelerometer; autoplay; clipboard-write; encrypted-media; gyroscope; picture-in-picture\" allowfullscreen><\/iframe>\n<\/div><\/figure>\n\n\n\n<p>Le c\u00e9l\u00e8bre Adagio de Tomaso Albinoni (fin 17<sup>\u00e8me<\/sup> &#8211; d\u00e9but 18<sup>\u00e8me<\/sup> si\u00e8cle), interpr\u00e9t\u00e9 par Xaver Varnus&nbsp;:<\/p>\n\n\n\n<figure class=\"wp-block-embed is-type-video is-provider-youtube wp-block-embed-youtube wp-embed-aspect-4-3 wp-has-aspect-ratio\"><div class=\"wp-block-embed__wrapper\">\n<iframe loading=\"lazy\" title=\"ALBINONI: ADAGIO - XAVER VARNUS&#039; HISTORIC INAUGURAL ORGAN RECITAL IN THE PALACE OF ARTS OF BUDAPEST\" width=\"840\" height=\"630\" src=\"https:\/\/www.youtube.com\/embed\/OL1oSGgrEuk?feature=oembed\" frameborder=\"0\" allow=\"accelerometer; autoplay; clipboard-write; encrypted-media; gyroscope; picture-in-picture\" allowfullscreen><\/iframe>\n<\/div><\/figure>\n\n\n\n<p>Une deuxi\u00e8me toccata, d\u2019Eug\u00e8ne Gigout (fin 19<sup>\u00e8me<\/sup> &#8211; d\u00e9but 20<sup>\u00e8me<\/sup> si\u00e8cle), interpr\u00e9t\u00e9e par Anne-Isabelle de Parcevaux&nbsp;:<\/p>\n\n\n\n<figure class=\"wp-block-embed is-type-video is-provider-youtube wp-block-embed-youtube wp-embed-aspect-16-9 wp-has-aspect-ratio\"><div class=\"wp-block-embed__wrapper\">\n<iframe loading=\"lazy\" title=\"Eug\u00e8ne Gigout  - Toccata (Anne-Isabelle de Parcevaux, organ)\" width=\"840\" height=\"473\" src=\"https:\/\/www.youtube.com\/embed\/gcG0qe755UU?feature=oembed\" frameborder=\"0\" allow=\"accelerometer; autoplay; clipboard-write; encrypted-media; gyroscope; picture-in-picture\" allowfullscreen><\/iframe>\n<\/div><\/figure>\n\n\n\n<p>Une troisi\u00e8me toccata enfin, tr\u00e8s belle \u00e9galement, celle de L\u00e9on Bo\u00ebllmann (fin du 19<sup>\u00e8me<\/sup> si\u00e8cle), interpr\u00e9t\u00e9e par Konstantin Volostnov&nbsp;:<\/p>\n\n\n\n<figure class=\"wp-block-embed is-type-video is-provider-youtube wp-block-embed-youtube wp-embed-aspect-16-9 wp-has-aspect-ratio\"><div class=\"wp-block-embed__wrapper\">\n<iframe loading=\"lazy\" title=\"L\u00e9on Bo\u00ebllmann - TOCCATA (Suite Gothique, op.25)\" width=\"840\" height=\"473\" src=\"https:\/\/www.youtube.com\/embed\/VacF-ppEp5w?feature=oembed\" frameborder=\"0\" allow=\"accelerometer; autoplay; clipboard-write; encrypted-media; gyroscope; picture-in-picture\" allowfullscreen><\/iframe>\n<\/div><\/figure>\n\n\n\n<p>Le pr\u00e9lude op. 29 No 1 de Gabriel Piern\u00e9 (fin 19<sup>\u00e8me<\/sup> &#8211; d\u00e9but 20<sup>\u00e8me<\/sup> si\u00e8cle), interpr\u00e9t\u00e9 par Katja Sager&nbsp;:<\/p>\n\n\n\n<figure class=\"wp-block-embed is-type-video is-provider-youtube wp-block-embed-youtube wp-embed-aspect-16-9 wp-has-aspect-ratio\"><div class=\"wp-block-embed__wrapper\">\n<iframe loading=\"lazy\" title=\"Gabriel Pierne\u0301: Pre\u0301lude op. 29 No 1\" width=\"840\" height=\"473\" src=\"https:\/\/www.youtube.com\/embed\/5-QVWo9ScAQ?feature=oembed\" frameborder=\"0\" allow=\"accelerometer; autoplay; clipboard-write; encrypted-media; gyroscope; picture-in-picture\" allowfullscreen><\/iframe>\n<\/div><\/figure>\n\n\n\n<p>Une petite incursion dans la musique d\u2019orgue contemporaine avec ses sonorit\u00e9s inhabituelles et diversement appr\u00e9ci\u00e9es, extrait de la Nativit\u00e9 du Seigneur d\u2019Olivier Messiaen (compositeur du 20<sup>\u00e8me<\/sup> si\u00e8cle), interpr\u00e9t\u00e9 par le tr\u00e8s jeune Oscar au grand orgue de la Cath\u00e9drale de Canterbury&nbsp;:<\/p>\n\n\n\n<figure class=\"wp-block-embed is-type-video is-provider-youtube wp-block-embed-youtube wp-embed-aspect-16-9 wp-has-aspect-ratio\"><div class=\"wp-block-embed__wrapper\">\n<iframe loading=\"lazy\" title=\"Oscar plays Messiaen&#039;s &#039;Dieu parmi nous&#039; from \u00a0&#039;la Nativit\u00e9 du Seigneur&#039;\" width=\"840\" height=\"473\" src=\"https:\/\/www.youtube.com\/embed\/Q8hkMkRLz6k?feature=oembed\" frameborder=\"0\" allow=\"accelerometer; autoplay; clipboard-write; encrypted-media; gyroscope; picture-in-picture\" allowfullscreen><\/iframe>\n<\/div><\/figure>\n\n\n\n<p><strong>Musiques c\u00e9l\u00e8bres transcrites pour l\u2019orgue<\/strong><\/p>\n\n\n\n<p>Casse-noisette (extraits) de Piotr Ilitch Tcha\u00efkovski (19<sup>\u00e8me<\/sup> si\u00e8cle), interpr\u00e9t\u00e9 par Karol Mossakowski&nbsp;:<\/p>\n\n\n\n<figure class=\"wp-block-embed is-type-video is-provider-youtube wp-block-embed-youtube wp-embed-aspect-16-9 wp-has-aspect-ratio\"><div class=\"wp-block-embed__wrapper\">\n<iframe loading=\"lazy\" title=\"Tcha\u00efkovski : Casse-Noisette, transcription pour orgue par Karol Mossakowski\" width=\"840\" height=\"473\" src=\"https:\/\/www.youtube.com\/embed\/NtuKBu1-Y-E?feature=oembed\" frameborder=\"0\" allow=\"accelerometer; autoplay; clipboard-write; encrypted-media; gyroscope; picture-in-picture\" allowfullscreen><\/iframe>\n<\/div><\/figure>\n\n\n\n<p>Tableaux d\u2019une exposition de Modeste Moussorgski (19<sup>\u00e8me<\/sup> si\u00e8cle), interpr\u00e9tation par Jonathan Scott&nbsp;:<\/p>\n\n\n\n<figure class=\"wp-block-embed is-type-video is-provider-youtube wp-block-embed-youtube wp-embed-aspect-16-9 wp-has-aspect-ratio\"><div class=\"wp-block-embed__wrapper\">\n<iframe loading=\"lazy\" title=\"MUSSORGSKY - PICTURES AT AN EXHIBITION - ORGAN SOLO - JONATHAN SCOTT\" width=\"840\" height=\"473\" src=\"https:\/\/www.youtube.com\/embed\/2ZsN0-482So?feature=oembed\" frameborder=\"0\" allow=\"accelerometer; autoplay; clipboard-write; encrypted-media; gyroscope; picture-in-picture\" allowfullscreen><\/iframe>\n<\/div><\/figure>\n\n\n\n<p>La danse macabre de Saint-Saens (fin 19<sup>\u00e8me<\/sup> &#8211; d\u00e9but 20<sup>\u00e8me<\/sup> si\u00e8cle), interpr\u00e9t\u00e9e par Loreto Aramendi&nbsp;:<\/p>\n\n\n\n<figure class=\"wp-block-embed is-type-video is-provider-youtube wp-block-embed-youtube wp-embed-aspect-16-9 wp-has-aspect-ratio\"><div class=\"wp-block-embed__wrapper\">\n<iframe loading=\"lazy\" title=\"Dance Macabre Saint Saens. Pipe organ music by Loreto Aramendi\" width=\"840\" height=\"473\" src=\"https:\/\/www.youtube.com\/embed\/I8hZ4aEUZ0g?feature=oembed\" frameborder=\"0\" allow=\"accelerometer; autoplay; clipboard-write; encrypted-media; gyroscope; picture-in-picture\" allowfullscreen><\/iframe>\n<\/div><\/figure>\n\n\n\n<p><strong>Musique d\u2019orgue la plus r\u00e9cente sur YouTube<\/strong><\/p>\n\n\n\n<p>L\u2019un des volets de cette musique tr\u00e8s r\u00e9cente, la \u00ab\u00a0dark organ music\u00a0\u00bb.<\/p>\n\n\n\n<p>Organ 65 de Sigmund Kr\u00e4he&nbsp;:<\/p>\n\n\n\n<figure class=\"wp-block-embed is-type-video is-provider-youtube wp-block-embed-youtube wp-embed-aspect-4-3 wp-has-aspect-ratio\"><div class=\"wp-block-embed__wrapper\">\nhttps:\/\/www.youtube.com\/watch?v=34M6iWOsMY8\n<\/div><\/figure>\n\n\n\n<p>Original Halloween organ music de Matt Champneys :<\/p>\n\n\n\n<figure class=\"wp-block-embed is-type-video is-provider-youtube wp-block-embed-youtube wp-embed-aspect-16-9 wp-has-aspect-ratio\"><div class=\"wp-block-embed__wrapper\">\n<iframe loading=\"lazy\" title=\"Original Halloween Organ Music\" width=\"840\" height=\"473\" src=\"https:\/\/www.youtube.com\/embed\/NNGvZiu44Ww?feature=oembed\" frameborder=\"0\" allow=\"accelerometer; autoplay; clipboard-write; encrypted-media; gyroscope; picture-in-picture\" allowfullscreen><\/iframe>\n<\/div><\/figure>\n\n\n\n<p><strong>Musiques de films et s\u00e9ries TV version orgue<\/strong><\/p>\n\n\n\n<p>Dans le domaine \u00ab\u00a0Musiques de films\u00a0\u00bb, le th\u00e8me de Davy Jones (Les pirates des Cara\u00efbes, d\u00e9but des ann\u00e9es 2000), musique de Hans Zimmer (contemporain)&nbsp;:<\/p>\n\n\n\n<figure class=\"wp-block-embed is-type-video is-provider-youtube wp-block-embed-youtube wp-embed-aspect-16-9 wp-has-aspect-ratio\"><div class=\"wp-block-embed__wrapper\">\n<iframe loading=\"lazy\" title=\"Pirates of the Caribbean - Davy Jones&#039;s theme cover church organ by Grissini Project\" width=\"840\" height=\"473\" src=\"https:\/\/www.youtube.com\/embed\/D-_qS_3KXBA?feature=oembed\" frameborder=\"0\" allow=\"accelerometer; autoplay; clipboard-write; encrypted-media; gyroscope; picture-in-picture\" allowfullscreen><\/iframe>\n<\/div><\/figure>\n\n\n\n<p>Pour les amateurs de s\u00e9ries TV, le th\u00e8me principal du mondialement connu Game of thrones&nbsp;(2011-2019), musique de Ramin Djawadi (contemporain), interpr\u00e9t\u00e9e par Matthias Zeller :<\/p>\n\n\n\n<figure class=\"wp-block-embed is-type-video is-provider-youtube wp-block-embed-youtube wp-embed-aspect-16-9 wp-has-aspect-ratio\"><div class=\"wp-block-embed__wrapper\">\n<iframe loading=\"lazy\" title=\"Game of Thrones - Organ HD\" width=\"840\" height=\"473\" src=\"https:\/\/www.youtube.com\/embed\/roM_WJ1mS3g?feature=oembed\" frameborder=\"0\" allow=\"accelerometer; autoplay; clipboard-write; encrypted-media; gyroscope; picture-in-picture\" allowfullscreen><\/iframe>\n<\/div><\/figure>\n\n\n\n<p>Et en conclusion, un orgue un peu diff\u00e9rent pour une musique \u00e9galement diff\u00e9rente, Organ boogie par Barbara Dennerlein<\/p>\n\n\n\n<p>(avec un peu de travail et de pers\u00e9v\u00e9rance et\u2026peut-\u00eatre quelques pr\u00e9dispositions\u2026)&nbsp;:<\/p>\n\n\n\n<figure class=\"wp-block-embed is-type-video is-provider-youtube wp-block-embed-youtube wp-embed-aspect-16-9 wp-has-aspect-ratio\"><div class=\"wp-block-embed__wrapper\">\n<iframe loading=\"lazy\" title=\"Barbara Dennerlein - Organ Boogie\" width=\"840\" height=\"473\" src=\"https:\/\/www.youtube.com\/embed\/xitANInTPGE?feature=oembed\" frameborder=\"0\" allow=\"accelerometer; autoplay; clipboard-write; encrypted-media; gyroscope; picture-in-picture\" allowfullscreen><\/iframe>\n<\/div><\/figure>\n","protected":false},"excerpt":{"rendered":"<p>Une formation ouverte aux enfants, aux jeunes comme aux adultes :\u2666 Pas de pr\u00e9requis, juste de la motivation !\u2666 Fr\u00e9quence r\u00e9guli\u00e8re et ajustable\u2666 Cours donn\u00e9s \u00e0 St Denis en Val LANCEZ-VOUS, C&rsquo;EST POUR VOUS ! Contactez l&rsquo;association : orgue@st-denis-en-val.com https:\/\/www.youtube.com\/watch?v=n6hJZIsZysU Depuis trois ans d\u00e9j\u00e0, l\u2019Association des Amis de l\u2019Orgue de Saint Denis en Val propose &hellip; <a href=\"https:\/\/st-denis-en-val.com\/?page_id=2\" class=\"more-link\">Continuer la lecture<span class=\"screen-reader-text\"> de &laquo;&nbsp;Ecole d&rsquo;Orgue&nbsp;&raquo;<\/span><\/a><\/p>\n","protected":false},"author":1,"featured_media":0,"parent":0,"menu_order":0,"comment_status":"closed","ping_status":"open","template":"","meta":[],"_links":{"self":[{"href":"https:\/\/st-denis-en-val.com\/index.php?rest_route=\/wp\/v2\/pages\/2"}],"collection":[{"href":"https:\/\/st-denis-en-val.com\/index.php?rest_route=\/wp\/v2\/pages"}],"about":[{"href":"https:\/\/st-denis-en-val.com\/index.php?rest_route=\/wp\/v2\/types\/page"}],"author":[{"embeddable":true,"href":"https:\/\/st-denis-en-val.com\/index.php?rest_route=\/wp\/v2\/users\/1"}],"replies":[{"embeddable":true,"href":"https:\/\/st-denis-en-val.com\/index.php?rest_route=%2Fwp%2Fv2%2Fcomments&post=2"}],"version-history":[{"count":9,"href":"https:\/\/st-denis-en-val.com\/index.php?rest_route=\/wp\/v2\/pages\/2\/revisions"}],"predecessor-version":[{"id":473,"href":"https:\/\/st-denis-en-val.com\/index.php?rest_route=\/wp\/v2\/pages\/2\/revisions\/473"}],"wp:attachment":[{"href":"https:\/\/st-denis-en-val.com\/index.php?rest_route=%2Fwp%2Fv2%2Fmedia&parent=2"}],"curies":[{"name":"wp","href":"https:\/\/api.w.org\/{rel}","templated":true}]}}