{"id":141,"date":"2018-01-27T14:51:28","date_gmt":"2018-01-27T13:51:28","guid":{"rendered":"http:\/\/st-denis-en-val.com\/?page_id=141"},"modified":"2022-03-13T11:01:56","modified_gmt":"2022-03-13T10:01:56","slug":"actualites","status":"publish","type":"page","link":"https:\/\/st-denis-en-val.com\/?page_id=141","title":{"rendered":"Un buffet pour l&rsquo;orgue de Saint Denis"},"content":{"rendered":"<p><strong>Un buffet d&rsquo;orgue Merklin pour l&rsquo;orgue de Saint Denis !<\/strong><\/p>\n<p>En fin d\u2019ann\u00e9e 2018, le projet de reconstruction de l\u2019orgue a franchi une nouvelle \u00e9tape. En novembre, apr\u00e8s avoir lanc\u00e9 une souscription, l\u2019association a fait l\u2019acquisition d\u2019un buffet d\u2019orgue de style Louis XV fabriqu\u00e9 en 1886 par le facteur d\u2019orgue Lyonnais Joseph Merklin pour l\u2019\u00e9glise Saint-Louis \u00e0 Saint-Etienne dans le d\u00e9partement de la Loire. En 1994, la ville d\u00e9cide de construire un nouvel orgue de style baroque, l\u2019orgue est alors d\u00e9pec\u00e9 et le buffet, mis en vente, est achet\u00e9 par Thierry Lemercier.<\/p>\n<p>L\u2019association a pu en faire l\u2019achat gr\u00e2ce \u00e0 la g\u00e9n\u00e9rosit\u00e9 des dionysiens et des amis de l\u2019orgue.<\/p>\n<p>Comme elle s\u2019y \u00e9tait engag\u00e9e, l\u2019association a fait don du buffet d\u2019orgue Merklin \u00e0 la commune de Saint Denis en Val au cours d\u2019une petite c\u00e9r\u00e9monie le mardi 18 d\u00e9cembre 2018, avant le conseil municipal.<\/p>\n<p>Ce don est rendu n\u00e9cessaire pour l\u2019appel d\u2019offres relatif \u00e0 la construction du nouvel orgue qui devra int\u00e9grer le buffet. Il scelle aussi l\u2019engagement fort pris par l\u2019association vis-\u00e0-vis de la commune. Au tour maintenant de la commune de construire la tribune destin\u00e9e \u00e0 accueillir le futur orgue.<\/p>\n<p>Il reste d\u00e9sormais \u00e0 acqu\u00e9rir l&rsquo;orgue qui ira sur la tribune que va construire la mairie. Nous aurons besoin pour cette op\u00e9ration du soutien des collectivit\u00e9s, des m\u00e9c\u00e8nes priv\u00e9s, des dons d&rsquo;entreprises et de votre g\u00e9n\u00e9rosit\u00e9. Aussi n\u2019h\u00e9sitez pas \u00e0 apporter votre contribution en versant la somme de votre choix \u00e0 l\u2019association (ce versement fait l\u2019objet d\u2019une r\u00e9duction fiscale).<\/p>\n<p><a href=\"http:\/\/st-denis-en-val.com\/wp-content\/uploads\/2018\/10\/Triptyque-Buffet-image-2.jpg\">Pour faire un don, cliquez ici !<\/a><\/p>\n\n\n<figure class=\"wp-block-image size-large\"><img loading=\"lazy\" width=\"1024\" height=\"771\" src=\"http:\/\/st-denis-en-val.com\/wp-content\/uploads\/2022\/03\/Presentation-buffet-orgue-fevrier-2022-1024x771.jpg\" alt=\"\" class=\"wp-image-522\" srcset=\"https:\/\/st-denis-en-val.com\/wp-content\/uploads\/2022\/03\/Presentation-buffet-orgue-fevrier-2022-1024x771.jpg 1024w, https:\/\/st-denis-en-val.com\/wp-content\/uploads\/2022\/03\/Presentation-buffet-orgue-fevrier-2022-300x226.jpg 300w, https:\/\/st-denis-en-val.com\/wp-content\/uploads\/2022\/03\/Presentation-buffet-orgue-fevrier-2022-768x578.jpg 768w, https:\/\/st-denis-en-val.com\/wp-content\/uploads\/2022\/03\/Presentation-buffet-orgue-fevrier-2022-1536x1157.jpg 1536w, https:\/\/st-denis-en-val.com\/wp-content\/uploads\/2022\/03\/Presentation-buffet-orgue-fevrier-2022-2048x1542.jpg 2048w, https:\/\/st-denis-en-val.com\/wp-content\/uploads\/2022\/03\/Presentation-buffet-orgue-fevrier-2022-1200x904.jpg 1200w\" sizes=\"(max-width: 709px) 85vw, (max-width: 909px) 67vw, (max-width: 1362px) 62vw, 840px\" \/><\/figure>\n","protected":false},"excerpt":{"rendered":"<p>Un buffet d&rsquo;orgue Merklin pour l&rsquo;orgue de Saint Denis ! En fin d\u2019ann\u00e9e 2018, le projet de reconstruction de l\u2019orgue a franchi une nouvelle \u00e9tape. En novembre, apr\u00e8s avoir lanc\u00e9 une souscription, l\u2019association a fait l\u2019acquisition d\u2019un buffet d\u2019orgue de style Louis XV fabriqu\u00e9 en 1886 par le facteur d\u2019orgue Lyonnais Joseph Merklin pour l\u2019\u00e9glise &hellip; <a href=\"https:\/\/st-denis-en-val.com\/?page_id=141\" class=\"more-link\">Continuer la lecture<span class=\"screen-reader-text\"> de &laquo;&nbsp;Un buffet pour l&rsquo;orgue de Saint Denis&nbsp;&raquo;<\/span><\/a><\/p>\n","protected":false},"author":1,"featured_media":0,"parent":270,"menu_order":0,"comment_status":"closed","ping_status":"closed","template":"","meta":[],"_links":{"self":[{"href":"https:\/\/st-denis-en-val.com\/index.php?rest_route=\/wp\/v2\/pages\/141"}],"collection":[{"href":"https:\/\/st-denis-en-val.com\/index.php?rest_route=\/wp\/v2\/pages"}],"about":[{"href":"https:\/\/st-denis-en-val.com\/index.php?rest_route=\/wp\/v2\/types\/page"}],"author":[{"embeddable":true,"href":"https:\/\/st-denis-en-val.com\/index.php?rest_route=\/wp\/v2\/users\/1"}],"replies":[{"embeddable":true,"href":"https:\/\/st-denis-en-val.com\/index.php?rest_route=%2Fwp%2Fv2%2Fcomments&post=141"}],"version-history":[{"count":10,"href":"https:\/\/st-denis-en-val.com\/index.php?rest_route=\/wp\/v2\/pages\/141\/revisions"}],"predecessor-version":[{"id":523,"href":"https:\/\/st-denis-en-val.com\/index.php?rest_route=\/wp\/v2\/pages\/141\/revisions\/523"}],"up":[{"embeddable":true,"href":"https:\/\/st-denis-en-val.com\/index.php?rest_route=\/wp\/v2\/pages\/270"}],"wp:attachment":[{"href":"https:\/\/st-denis-en-val.com\/index.php?rest_route=%2Fwp%2Fv2%2Fmedia&parent=141"}],"curies":[{"name":"wp","href":"https:\/\/api.w.org\/{rel}","templated":true}]}}